{"id":7365,"date":"2026-01-23T12:39:35","date_gmt":"2026-01-23T12:39:35","guid":{"rendered":"https:\/\/kids.kittelfdora.com\/sihirli-hikayeler-ve-cocuklar-icin-masal-saati-kittelfdora-kids\/"},"modified":"2026-01-25T17:01:08","modified_gmt":"2026-01-25T17:01:08","slug":"sihirli-hikayeler-ve-cocuklar-icin-masal-saati-kittelfdora-kids","status":"publish","type":"page","link":"https:\/\/kids.kittelfdora.com\/tr\/sihirli-hikayeler-ve-cocuklar-icin-masal-saati-kittelfdora-kids\/","title":{"rendered":"Sihirli Hikayeler ve \u00c7ocuklar i\u00e7in Masal Saati | Kittelfdora Kids"},"content":{"rendered":"","protected":false},"excerpt":{"rendered":"","protected":false},"author":2,"featured_media":7366,"parent":0,"menu_order":0,"comment_status":"closed","ping_status":"closed","template":"100-width.php","meta":{"nf_dc_page":"","footnotes":""},"class_list":["post-7365","page","type-page","status-publish","has-post-thumbnail","hentry"],"yoast_head":"<!-- This site is optimized with the Yoast SEO plugin v27.3 - https:\/\/yoast.com\/product\/yoast-seo-wordpress\/ -->\n<title>Sihirli Hikayeler ve \u00c7ocuklar i\u00e7in Masal Saati | Kittelfdora Kids<\/title>\n<meta name=\"description\" content=\"Kittelfdora&#039;n\u0131n sihirli d\u00fcnyas\u0131n\u0131 ke\u015ffet! \ud83c\udf1f Miri ve Ori ile huzurlu uyku masallar\u0131ndan heyecanl\u0131 orman maceralar\u0131na.\" \/>\n<meta name=\"robots\" content=\"index, follow, max-snippet:-1, max-image-preview:large, max-video-preview:-1\" \/>\n<link rel=\"canonical\" href=\"https:\/\/kids.kittelfdora.com\/tr\/sihirli-hikayeler-ve-cocuklar-icin-masal-saati-kittelfdora-kids\/\" \/>\n<meta property=\"og:locale\" content=\"tr_TR\" \/>\n<meta property=\"og:type\" content=\"article\" \/>\n<meta property=\"og:title\" content=\"Sihirli Hikayeler ve \u00c7ocuklar i\u00e7in Masal Saati | Kittelfdora Kids\" \/>\n<meta property=\"og:description\" content=\"Kittelfdora&#039;n\u0131n sihirli d\u00fcnyas\u0131n\u0131 ke\u015ffet! \ud83c\udf1f Miri ve Ori ile huzurlu uyku masallar\u0131ndan heyecanl\u0131 orman maceralar\u0131na.\" \/>\n<meta property=\"og:url\" content=\"https:\/\/kids.kittelfdora.com\/tr\/sihirli-hikayeler-ve-cocuklar-icin-masal-saati-kittelfdora-kids\/\" \/>\n<meta property=\"og:site_name\" content=\"Kittelfdora Kids \u2013 Sing, Learn, Dream\" \/>\n<meta property=\"article:modified_time\" content=\"2026-01-25T17:01:08+00:00\" \/>\n<meta property=\"og:image\" content=\"https:\/\/i0.wp.com\/kids.kittelfdora.com\/wp-content\/uploads\/2026\/01\/Stories_FatureImage.jpg?fit=1200%2C630&ssl=1\" \/>\n\t<meta property=\"og:image:width\" content=\"1200\" \/>\n\t<meta property=\"og:image:height\" content=\"630\" \/>\n\t<meta property=\"og:image:type\" content=\"image\/jpeg\" \/>\n<meta name=\"twitter:card\" content=\"summary_large_image\" \/>\n<meta name=\"twitter:site\" content=\"@KittelfdoraKids\" \/>\n<script type=\"application\/ld+json\" class=\"yoast-schema-graph\">{\"@context\":\"https:\\\/\\\/schema.org\",\"@graph\":[{\"@type\":\"WebPage\",\"@id\":\"https:\\\/\\\/kids.kittelfdora.com\\\/tr\\\/sihirli-hikayeler-ve-cocuklar-icin-masal-saati-kittelfdora-kids\\\/\",\"url\":\"https:\\\/\\\/kids.kittelfdora.com\\\/tr\\\/sihirli-hikayeler-ve-cocuklar-icin-masal-saati-kittelfdora-kids\\\/\",\"name\":\"Sihirli Hikayeler ve \u00c7ocuklar i\u00e7in Masal Saati | Kittelfdora Kids\",\"isPartOf\":{\"@id\":\"https:\\\/\\\/kids.kittelfdora.com\\\/tr\\\/#website\"},\"primaryImageOfPage\":{\"@id\":\"https:\\\/\\\/kids.kittelfdora.com\\\/tr\\\/sihirli-hikayeler-ve-cocuklar-icin-masal-saati-kittelfdora-kids\\\/#primaryimage\"},\"image\":{\"@id\":\"https:\\\/\\\/kids.kittelfdora.com\\\/tr\\\/sihirli-hikayeler-ve-cocuklar-icin-masal-saati-kittelfdora-kids\\\/#primaryimage\"},\"thumbnailUrl\":\"https:\\\/\\\/i0.wp.com\\\/kids.kittelfdora.com\\\/wp-content\\\/uploads\\\/2026\\\/01\\\/Stories_FatureImage.jpg?fit=1200%2C630&ssl=1\",\"datePublished\":\"2026-01-23T12:39:35+00:00\",\"dateModified\":\"2026-01-25T17:01:08+00:00\",\"description\":\"Kittelfdora'n\u0131n sihirli d\u00fcnyas\u0131n\u0131 ke\u015ffet! \ud83c\udf1f Miri ve Ori ile huzurlu uyku masallar\u0131ndan heyecanl\u0131 orman maceralar\u0131na.\",\"breadcrumb\":{\"@id\":\"https:\\\/\\\/kids.kittelfdora.com\\\/tr\\\/sihirli-hikayeler-ve-cocuklar-icin-masal-saati-kittelfdora-kids\\\/#breadcrumb\"},\"inLanguage\":\"tr\",\"potentialAction\":[{\"@type\":\"ReadAction\",\"target\":[\"https:\\\/\\\/kids.kittelfdora.com\\\/tr\\\/sihirli-hikayeler-ve-cocuklar-icin-masal-saati-kittelfdora-kids\\\/\"]}]},{\"@type\":\"ImageObject\",\"inLanguage\":\"tr\",\"@id\":\"https:\\\/\\\/kids.kittelfdora.com\\\/tr\\\/sihirli-hikayeler-ve-cocuklar-icin-masal-saati-kittelfdora-kids\\\/#primaryimage\",\"url\":\"https:\\\/\\\/i0.wp.com\\\/kids.kittelfdora.com\\\/wp-content\\\/uploads\\\/2026\\\/01\\\/Stories_FatureImage.jpg?fit=1200%2C630&ssl=1\",\"contentUrl\":\"https:\\\/\\\/i0.wp.com\\\/kids.kittelfdora.com\\\/wp-content\\\/uploads\\\/2026\\\/01\\\/Stories_FatureImage.jpg?fit=1200%2C630&ssl=1\",\"width\":1200,\"height\":630,\"caption\":\"Magical stories featuring Elfcat siblings Miri and Ori - bedtime tales for children\"},{\"@type\":\"BreadcrumbList\",\"@id\":\"https:\\\/\\\/kids.kittelfdora.com\\\/tr\\\/sihirli-hikayeler-ve-cocuklar-icin-masal-saati-kittelfdora-kids\\\/#breadcrumb\",\"itemListElement\":[{\"@type\":\"ListItem\",\"position\":1,\"name\":\"Home\",\"item\":\"https:\\\/\\\/kids.kittelfdora.com\\\/tr\\\/\"},{\"@type\":\"ListItem\",\"position\":2,\"name\":\"Sihirli Hikayeler ve \u00c7ocuklar i\u00e7in Masal Saati | Kittelfdora Kids\"}]},{\"@type\":\"WebSite\",\"@id\":\"https:\\\/\\\/kids.kittelfdora.com\\\/tr\\\/#website\",\"url\":\"https:\\\/\\\/kids.kittelfdora.com\\\/tr\\\/\",\"name\":\"Kittelfdora Kids \u2013 Sing, Learn, Dream\",\"description\":\"Explore a magical world of music and stories for kids, fostering creativity and imagination through engaging songs and captivating tales.\",\"potentialAction\":[{\"@type\":\"SearchAction\",\"target\":{\"@type\":\"EntryPoint\",\"urlTemplate\":\"https:\\\/\\\/kids.kittelfdora.com\\\/tr\\\/?s={search_term_string}\"},\"query-input\":{\"@type\":\"PropertyValueSpecification\",\"valueRequired\":true,\"valueName\":\"search_term_string\"}}],\"inLanguage\":\"tr\"}]}<\/script>\n<!-- \/ Yoast SEO plugin. -->","yoast_head_json":{"title":"Sihirli Hikayeler ve \u00c7ocuklar i\u00e7in Masal Saati | Kittelfdora Kids","description":"Kittelfdora'n\u0131n sihirli d\u00fcnyas\u0131n\u0131 ke\u015ffet! \ud83c\udf1f Miri ve Ori ile huzurlu uyku masallar\u0131ndan heyecanl\u0131 orman maceralar\u0131na.","robots":{"index":"index","follow":"follow","max-snippet":"max-snippet:-1","max-image-preview":"max-image-preview:large","max-video-preview":"max-video-preview:-1"},"canonical":"https:\/\/kids.kittelfdora.com\/tr\/sihirli-hikayeler-ve-cocuklar-icin-masal-saati-kittelfdora-kids\/","og_locale":"tr_TR","og_type":"article","og_title":"Sihirli Hikayeler ve \u00c7ocuklar i\u00e7in Masal Saati | Kittelfdora Kids","og_description":"Kittelfdora'n\u0131n sihirli d\u00fcnyas\u0131n\u0131 ke\u015ffet! \ud83c\udf1f Miri ve Ori ile huzurlu uyku masallar\u0131ndan heyecanl\u0131 orman maceralar\u0131na.","og_url":"https:\/\/kids.kittelfdora.com\/tr\/sihirli-hikayeler-ve-cocuklar-icin-masal-saati-kittelfdora-kids\/","og_site_name":"Kittelfdora Kids \u2013 Sing, Learn, Dream","article_modified_time":"2026-01-25T17:01:08+00:00","og_image":[{"width":1200,"height":630,"url":"https:\/\/i0.wp.com\/kids.kittelfdora.com\/wp-content\/uploads\/2026\/01\/Stories_FatureImage.jpg?fit=1200%2C630&ssl=1","type":"image\/jpeg"}],"twitter_card":"summary_large_image","twitter_site":"@KittelfdoraKids","schema":{"@context":"https:\/\/schema.org","@graph":[{"@type":"WebPage","@id":"https:\/\/kids.kittelfdora.com\/tr\/sihirli-hikayeler-ve-cocuklar-icin-masal-saati-kittelfdora-kids\/","url":"https:\/\/kids.kittelfdora.com\/tr\/sihirli-hikayeler-ve-cocuklar-icin-masal-saati-kittelfdora-kids\/","name":"Sihirli Hikayeler ve \u00c7ocuklar i\u00e7in Masal Saati | Kittelfdora Kids","isPartOf":{"@id":"https:\/\/kids.kittelfdora.com\/tr\/#website"},"primaryImageOfPage":{"@id":"https:\/\/kids.kittelfdora.com\/tr\/sihirli-hikayeler-ve-cocuklar-icin-masal-saati-kittelfdora-kids\/#primaryimage"},"image":{"@id":"https:\/\/kids.kittelfdora.com\/tr\/sihirli-hikayeler-ve-cocuklar-icin-masal-saati-kittelfdora-kids\/#primaryimage"},"thumbnailUrl":"https:\/\/i0.wp.com\/kids.kittelfdora.com\/wp-content\/uploads\/2026\/01\/Stories_FatureImage.jpg?fit=1200%2C630&ssl=1","datePublished":"2026-01-23T12:39:35+00:00","dateModified":"2026-01-25T17:01:08+00:00","description":"Kittelfdora'n\u0131n sihirli d\u00fcnyas\u0131n\u0131 ke\u015ffet! \ud83c\udf1f Miri ve Ori ile huzurlu uyku masallar\u0131ndan heyecanl\u0131 orman maceralar\u0131na.","breadcrumb":{"@id":"https:\/\/kids.kittelfdora.com\/tr\/sihirli-hikayeler-ve-cocuklar-icin-masal-saati-kittelfdora-kids\/#breadcrumb"},"inLanguage":"tr","potentialAction":[{"@type":"ReadAction","target":["https:\/\/kids.kittelfdora.com\/tr\/sihirli-hikayeler-ve-cocuklar-icin-masal-saati-kittelfdora-kids\/"]}]},{"@type":"ImageObject","inLanguage":"tr","@id":"https:\/\/kids.kittelfdora.com\/tr\/sihirli-hikayeler-ve-cocuklar-icin-masal-saati-kittelfdora-kids\/#primaryimage","url":"https:\/\/i0.wp.com\/kids.kittelfdora.com\/wp-content\/uploads\/2026\/01\/Stories_FatureImage.jpg?fit=1200%2C630&ssl=1","contentUrl":"https:\/\/i0.wp.com\/kids.kittelfdora.com\/wp-content\/uploads\/2026\/01\/Stories_FatureImage.jpg?fit=1200%2C630&ssl=1","width":1200,"height":630,"caption":"Magical stories featuring Elfcat siblings Miri and Ori - bedtime tales for children"},{"@type":"BreadcrumbList","@id":"https:\/\/kids.kittelfdora.com\/tr\/sihirli-hikayeler-ve-cocuklar-icin-masal-saati-kittelfdora-kids\/#breadcrumb","itemListElement":[{"@type":"ListItem","position":1,"name":"Home","item":"https:\/\/kids.kittelfdora.com\/tr\/"},{"@type":"ListItem","position":2,"name":"Sihirli Hikayeler ve \u00c7ocuklar i\u00e7in Masal Saati | Kittelfdora Kids"}]},{"@type":"WebSite","@id":"https:\/\/kids.kittelfdora.com\/tr\/#website","url":"https:\/\/kids.kittelfdora.com\/tr\/","name":"Kittelfdora Kids \u2013 Sing, Learn, Dream","description":"Explore a magical world of music and stories for kids, fostering creativity and imagination through engaging songs and captivating tales.","potentialAction":[{"@type":"SearchAction","target":{"@type":"EntryPoint","urlTemplate":"https:\/\/kids.kittelfdora.com\/tr\/?s={search_term_string}"},"query-input":{"@type":"PropertyValueSpecification","valueRequired":true,"valueName":"search_term_string"}}],"inLanguage":"tr"}]}},"jetpack_sharing_enabled":true,"_links":{"self":[{"href":"https:\/\/kids.kittelfdora.com\/tr\/wp-json\/wp\/v2\/pages\/7365","targetHints":{"allow":["GET"]}}],"collection":[{"href":"https:\/\/kids.kittelfdora.com\/tr\/wp-json\/wp\/v2\/pages"}],"about":[{"href":"https:\/\/kids.kittelfdora.com\/tr\/wp-json\/wp\/v2\/types\/page"}],"author":[{"embeddable":true,"href":"https:\/\/kids.kittelfdora.com\/tr\/wp-json\/wp\/v2\/users\/2"}],"replies":[{"embeddable":true,"href":"https:\/\/kids.kittelfdora.com\/tr\/wp-json\/wp\/v2\/comments?post=7365"}],"version-history":[{"count":3,"href":"https:\/\/kids.kittelfdora.com\/tr\/wp-json\/wp\/v2\/pages\/7365\/revisions"}],"predecessor-version":[{"id":7378,"href":"https:\/\/kids.kittelfdora.com\/tr\/wp-json\/wp\/v2\/pages\/7365\/revisions\/7378"}],"wp:featuredmedia":[{"embeddable":true,"href":"https:\/\/kids.kittelfdora.com\/tr\/wp-json\/wp\/v2\/media\/7366"}],"wp:attachment":[{"href":"https:\/\/kids.kittelfdora.com\/tr\/wp-json\/wp\/v2\/media?parent=7365"}],"curies":[{"name":"wp","href":"https:\/\/api.w.org\/{rel}","templated":true}]}}