{"id":7397,"date":"2026-01-20T09:46:41","date_gmt":"2026-01-20T09:46:41","guid":{"rendered":"https:\/\/kids.kittelfdora.com\/uyku-ve-ninni\/"},"modified":"2026-01-25T17:23:18","modified_gmt":"2026-01-25T17:23:18","slug":"uyku-ve-ninni","status":"publish","type":"page","link":"https:\/\/kids.kittelfdora.com\/tr\/uyku-ve-ninni\/","title":{"rendered":"Uyku ve Ninni"},"content":{"rendered":"","protected":false},"excerpt":{"rendered":"","protected":false},"author":2,"featured_media":7398,"parent":0,"menu_order":0,"comment_status":"closed","ping_status":"closed","template":"100-width.php","meta":{"nf_dc_page":"","footnotes":""},"class_list":["post-7397","page","type-page","status-publish","has-post-thumbnail","hentry"],"yoast_head":"<!-- This site is optimized with the Yoast SEO plugin v27.3 - https:\/\/yoast.com\/product\/yoast-seo-wordpress\/ -->\n<title>Bebekler ve K\u00fc\u00e7\u00fck \u00c7ocuklar i\u00e7in Uyku M\u00fczi\u011fi; Rahatlat\u0131c\u0131 Ninniler<\/title>\n<meta name=\"description\" content=\"Bebekler ve k\u00fc\u00e7\u00fck \u00e7ocuklar i\u00e7in en iyi uyku m\u00fczi\u011fi. Derin REM uykusu i\u00e7in tasarlanm\u0131\u015f nazik ninniler ve uzun s\u00fcreli koleksiyonlar\u0131n keyfini \u00e7\u0131kar. Reklams\u0131z ve b\u00fcy\u00fcl\u00fc.\" \/>\n<meta name=\"robots\" content=\"index, follow, max-snippet:-1, max-image-preview:large, max-video-preview:-1\" \/>\n<link rel=\"canonical\" href=\"https:\/\/kids.kittelfdora.com\/tr\/uyku-ve-ninni\/\" \/>\n<meta property=\"og:locale\" content=\"tr_TR\" \/>\n<meta property=\"og:type\" content=\"article\" \/>\n<meta property=\"og:title\" content=\"Bebekler ve K\u00fc\u00e7\u00fck \u00c7ocuklar i\u00e7in Uyku M\u00fczi\u011fi; Rahatlat\u0131c\u0131 Ninniler\" \/>\n<meta property=\"og:description\" content=\"Bebekler ve k\u00fc\u00e7\u00fck \u00e7ocuklar i\u00e7in en iyi uyku m\u00fczi\u011fi. Derin REM uykusu i\u00e7in tasarlanm\u0131\u015f nazik ninniler ve uzun s\u00fcreli koleksiyonlar\u0131n keyfini \u00e7\u0131kar. Reklams\u0131z ve b\u00fcy\u00fcl\u00fc.\" \/>\n<meta property=\"og:url\" content=\"https:\/\/kids.kittelfdora.com\/tr\/uyku-ve-ninni\/\" \/>\n<meta property=\"og:site_name\" content=\"Kittelfdora Kids \u2013 Sing, Learn, Dream\" \/>\n<meta property=\"article:modified_time\" content=\"2026-01-25T17:23:18+00:00\" \/>\n<meta property=\"og:image\" content=\"https:\/\/i0.wp.com\/kids.kittelfdora.com\/wp-content\/uploads\/2026\/01\/SleepMusic_FeatureImage.jpg?fit=1200%2C630&ssl=1\" \/>\n\t<meta property=\"og:image:width\" content=\"1200\" \/>\n\t<meta property=\"og:image:height\" content=\"630\" \/>\n\t<meta property=\"og:image:type\" content=\"image\/jpeg\" \/>\n<meta name=\"twitter:card\" content=\"summary_large_image\" \/>\n<meta name=\"twitter:site\" content=\"@KittelfdoraKids\" \/>\n<script type=\"application\/ld+json\" class=\"yoast-schema-graph\">{\"@context\":\"https:\\\/\\\/schema.org\",\"@graph\":[{\"@type\":\"WebPage\",\"@id\":\"https:\\\/\\\/kids.kittelfdora.com\\\/tr\\\/uyku-ve-ninni\\\/\",\"url\":\"https:\\\/\\\/kids.kittelfdora.com\\\/tr\\\/uyku-ve-ninni\\\/\",\"name\":\"Bebekler ve K\u00fc\u00e7\u00fck \u00c7ocuklar i\u00e7in Uyku M\u00fczi\u011fi; Rahatlat\u0131c\u0131 Ninniler\",\"isPartOf\":{\"@id\":\"https:\\\/\\\/kids.kittelfdora.com\\\/tr\\\/#website\"},\"primaryImageOfPage\":{\"@id\":\"https:\\\/\\\/kids.kittelfdora.com\\\/tr\\\/uyku-ve-ninni\\\/#primaryimage\"},\"image\":{\"@id\":\"https:\\\/\\\/kids.kittelfdora.com\\\/tr\\\/uyku-ve-ninni\\\/#primaryimage\"},\"thumbnailUrl\":\"https:\\\/\\\/i0.wp.com\\\/kids.kittelfdora.com\\\/wp-content\\\/uploads\\\/2026\\\/01\\\/SleepMusic_FeatureImage.jpg?fit=1200%2C630&ssl=1\",\"datePublished\":\"2026-01-20T09:46:41+00:00\",\"dateModified\":\"2026-01-25T17:23:18+00:00\",\"description\":\"Bebekler ve k\u00fc\u00e7\u00fck \u00e7ocuklar i\u00e7in en iyi uyku m\u00fczi\u011fi. Derin REM uykusu i\u00e7in tasarlanm\u0131\u015f nazik ninniler ve uzun s\u00fcreli koleksiyonlar\u0131n keyfini \u00e7\u0131kar. Reklams\u0131z ve b\u00fcy\u00fcl\u00fc.\",\"breadcrumb\":{\"@id\":\"https:\\\/\\\/kids.kittelfdora.com\\\/tr\\\/uyku-ve-ninni\\\/#breadcrumb\"},\"inLanguage\":\"tr\",\"potentialAction\":[{\"@type\":\"ReadAction\",\"target\":[\"https:\\\/\\\/kids.kittelfdora.com\\\/tr\\\/uyku-ve-ninni\\\/\"]}]},{\"@type\":\"ImageObject\",\"inLanguage\":\"tr\",\"@id\":\"https:\\\/\\\/kids.kittelfdora.com\\\/tr\\\/uyku-ve-ninni\\\/#primaryimage\",\"url\":\"https:\\\/\\\/i0.wp.com\\\/kids.kittelfdora.com\\\/wp-content\\\/uploads\\\/2026\\\/01\\\/SleepMusic_FeatureImage.jpg?fit=1200%2C630&ssl=1\",\"contentUrl\":\"https:\\\/\\\/i0.wp.com\\\/kids.kittelfdora.com\\\/wp-content\\\/uploads\\\/2026\\\/01\\\/SleepMusic_FeatureImage.jpg?fit=1200%2C630&ssl=1\",\"width\":1200,\"height\":630,\"caption\":\"Elfcat siblings Miri and Ori sleeping in a glowing nest on Kittelfdora planet - sleep music and lullabies\"},{\"@type\":\"BreadcrumbList\",\"@id\":\"https:\\\/\\\/kids.kittelfdora.com\\\/tr\\\/uyku-ve-ninni\\\/#breadcrumb\",\"itemListElement\":[{\"@type\":\"ListItem\",\"position\":1,\"name\":\"Home\",\"item\":\"https:\\\/\\\/kids.kittelfdora.com\\\/tr\\\/\"},{\"@type\":\"ListItem\",\"position\":2,\"name\":\"Uyku ve Ninni\"}]},{\"@type\":\"WebSite\",\"@id\":\"https:\\\/\\\/kids.kittelfdora.com\\\/tr\\\/#website\",\"url\":\"https:\\\/\\\/kids.kittelfdora.com\\\/tr\\\/\",\"name\":\"Kittelfdora Kids \u2013 Sing, Learn, Dream\",\"description\":\"Explore a magical world of music and stories for kids, fostering creativity and imagination through engaging songs and captivating tales.\",\"potentialAction\":[{\"@type\":\"SearchAction\",\"target\":{\"@type\":\"EntryPoint\",\"urlTemplate\":\"https:\\\/\\\/kids.kittelfdora.com\\\/tr\\\/?s={search_term_string}\"},\"query-input\":{\"@type\":\"PropertyValueSpecification\",\"valueRequired\":true,\"valueName\":\"search_term_string\"}}],\"inLanguage\":\"tr\"}]}<\/script>\n<!-- \/ Yoast SEO plugin. -->","yoast_head_json":{"title":"Bebekler ve K\u00fc\u00e7\u00fck \u00c7ocuklar i\u00e7in Uyku M\u00fczi\u011fi; Rahatlat\u0131c\u0131 Ninniler","description":"Bebekler ve k\u00fc\u00e7\u00fck \u00e7ocuklar i\u00e7in en iyi uyku m\u00fczi\u011fi. Derin REM uykusu i\u00e7in tasarlanm\u0131\u015f nazik ninniler ve uzun s\u00fcreli koleksiyonlar\u0131n keyfini \u00e7\u0131kar. Reklams\u0131z ve b\u00fcy\u00fcl\u00fc.","robots":{"index":"index","follow":"follow","max-snippet":"max-snippet:-1","max-image-preview":"max-image-preview:large","max-video-preview":"max-video-preview:-1"},"canonical":"https:\/\/kids.kittelfdora.com\/tr\/uyku-ve-ninni\/","og_locale":"tr_TR","og_type":"article","og_title":"Bebekler ve K\u00fc\u00e7\u00fck \u00c7ocuklar i\u00e7in Uyku M\u00fczi\u011fi; Rahatlat\u0131c\u0131 Ninniler","og_description":"Bebekler ve k\u00fc\u00e7\u00fck \u00e7ocuklar i\u00e7in en iyi uyku m\u00fczi\u011fi. Derin REM uykusu i\u00e7in tasarlanm\u0131\u015f nazik ninniler ve uzun s\u00fcreli koleksiyonlar\u0131n keyfini \u00e7\u0131kar. Reklams\u0131z ve b\u00fcy\u00fcl\u00fc.","og_url":"https:\/\/kids.kittelfdora.com\/tr\/uyku-ve-ninni\/","og_site_name":"Kittelfdora Kids \u2013 Sing, Learn, Dream","article_modified_time":"2026-01-25T17:23:18+00:00","og_image":[{"width":1200,"height":630,"url":"https:\/\/i0.wp.com\/kids.kittelfdora.com\/wp-content\/uploads\/2026\/01\/SleepMusic_FeatureImage.jpg?fit=1200%2C630&ssl=1","type":"image\/jpeg"}],"twitter_card":"summary_large_image","twitter_site":"@KittelfdoraKids","schema":{"@context":"https:\/\/schema.org","@graph":[{"@type":"WebPage","@id":"https:\/\/kids.kittelfdora.com\/tr\/uyku-ve-ninni\/","url":"https:\/\/kids.kittelfdora.com\/tr\/uyku-ve-ninni\/","name":"Bebekler ve K\u00fc\u00e7\u00fck \u00c7ocuklar i\u00e7in Uyku M\u00fczi\u011fi; Rahatlat\u0131c\u0131 Ninniler","isPartOf":{"@id":"https:\/\/kids.kittelfdora.com\/tr\/#website"},"primaryImageOfPage":{"@id":"https:\/\/kids.kittelfdora.com\/tr\/uyku-ve-ninni\/#primaryimage"},"image":{"@id":"https:\/\/kids.kittelfdora.com\/tr\/uyku-ve-ninni\/#primaryimage"},"thumbnailUrl":"https:\/\/i0.wp.com\/kids.kittelfdora.com\/wp-content\/uploads\/2026\/01\/SleepMusic_FeatureImage.jpg?fit=1200%2C630&ssl=1","datePublished":"2026-01-20T09:46:41+00:00","dateModified":"2026-01-25T17:23:18+00:00","description":"Bebekler ve k\u00fc\u00e7\u00fck \u00e7ocuklar i\u00e7in en iyi uyku m\u00fczi\u011fi. Derin REM uykusu i\u00e7in tasarlanm\u0131\u015f nazik ninniler ve uzun s\u00fcreli koleksiyonlar\u0131n keyfini \u00e7\u0131kar. Reklams\u0131z ve b\u00fcy\u00fcl\u00fc.","breadcrumb":{"@id":"https:\/\/kids.kittelfdora.com\/tr\/uyku-ve-ninni\/#breadcrumb"},"inLanguage":"tr","potentialAction":[{"@type":"ReadAction","target":["https:\/\/kids.kittelfdora.com\/tr\/uyku-ve-ninni\/"]}]},{"@type":"ImageObject","inLanguage":"tr","@id":"https:\/\/kids.kittelfdora.com\/tr\/uyku-ve-ninni\/#primaryimage","url":"https:\/\/i0.wp.com\/kids.kittelfdora.com\/wp-content\/uploads\/2026\/01\/SleepMusic_FeatureImage.jpg?fit=1200%2C630&ssl=1","contentUrl":"https:\/\/i0.wp.com\/kids.kittelfdora.com\/wp-content\/uploads\/2026\/01\/SleepMusic_FeatureImage.jpg?fit=1200%2C630&ssl=1","width":1200,"height":630,"caption":"Elfcat siblings Miri and Ori sleeping in a glowing nest on Kittelfdora planet - sleep music and lullabies"},{"@type":"BreadcrumbList","@id":"https:\/\/kids.kittelfdora.com\/tr\/uyku-ve-ninni\/#breadcrumb","itemListElement":[{"@type":"ListItem","position":1,"name":"Home","item":"https:\/\/kids.kittelfdora.com\/tr\/"},{"@type":"ListItem","position":2,"name":"Uyku ve Ninni"}]},{"@type":"WebSite","@id":"https:\/\/kids.kittelfdora.com\/tr\/#website","url":"https:\/\/kids.kittelfdora.com\/tr\/","name":"Kittelfdora Kids \u2013 Sing, Learn, Dream","description":"Explore a magical world of music and stories for kids, fostering creativity and imagination through engaging songs and captivating tales.","potentialAction":[{"@type":"SearchAction","target":{"@type":"EntryPoint","urlTemplate":"https:\/\/kids.kittelfdora.com\/tr\/?s={search_term_string}"},"query-input":{"@type":"PropertyValueSpecification","valueRequired":true,"valueName":"search_term_string"}}],"inLanguage":"tr"}]}},"jetpack_sharing_enabled":true,"_links":{"self":[{"href":"https:\/\/kids.kittelfdora.com\/tr\/wp-json\/wp\/v2\/pages\/7397","targetHints":{"allow":["GET"]}}],"collection":[{"href":"https:\/\/kids.kittelfdora.com\/tr\/wp-json\/wp\/v2\/pages"}],"about":[{"href":"https:\/\/kids.kittelfdora.com\/tr\/wp-json\/wp\/v2\/types\/page"}],"author":[{"embeddable":true,"href":"https:\/\/kids.kittelfdora.com\/tr\/wp-json\/wp\/v2\/users\/2"}],"replies":[{"embeddable":true,"href":"https:\/\/kids.kittelfdora.com\/tr\/wp-json\/wp\/v2\/comments?post=7397"}],"version-history":[{"count":1,"href":"https:\/\/kids.kittelfdora.com\/tr\/wp-json\/wp\/v2\/pages\/7397\/revisions"}],"predecessor-version":[{"id":7416,"href":"https:\/\/kids.kittelfdora.com\/tr\/wp-json\/wp\/v2\/pages\/7397\/revisions\/7416"}],"wp:featuredmedia":[{"embeddable":true,"href":"https:\/\/kids.kittelfdora.com\/tr\/wp-json\/wp\/v2\/media\/7398"}],"wp:attachment":[{"href":"https:\/\/kids.kittelfdora.com\/tr\/wp-json\/wp\/v2\/media?parent=7397"}],"curies":[{"name":"wp","href":"https:\/\/api.w.org\/{rel}","templated":true}]}}